{"id":1408,"date":"2016-01-19T14:03:09","date_gmt":"2016-01-19T14:03:09","guid":{"rendered":"http:\/\/anpsthemes.com\/construction\/?page_id=1408"},"modified":"2022-02-10T19:33:15","modified_gmt":"2022-02-10T16:33:15","slug":"hakkimizda","status":"publish","type":"page","link":"https:\/\/antemateknik.com.tr\/en\/hakkimizda\/","title":{"rendered":"About us"},"content":{"rendered":"<p>[vc_row css=&#8221;.vc_custom_1460122496361{margin-bottom: 30px !important;}&#8221;][vc_column width=&#8221;1\/2&#8243;][vc_custom_heading text=&#8221;ANTEMA TEKN\u0130K&#8221; use_theme_fonts=&#8221;yes&#8221; el_class=&#8221;title&#8221;][vc_empty_space height=&#8221;20px&#8221;][vc_column_text]<em><span style=\"color: #000000;\"><strong>ANTEMA Teknik \u00dcr\u00fcnleri San. ve Tic. Inc.<\/strong> was established within <strong>Kamburo\u011flu Yap\u0131 Malzemeleri Inc.<\/strong> to operate in the field of national and international certified pipe systems.<\/span><\/em><\/p>\n<p>&nbsp;<\/p>\n<p>Pioneer of Innovations Kamburo\u011flu Building Materials, our company, which attaches utmost importance to customer satisfaction without compromising our understanding of quality, continues its efforts to provide you with better service for more than 50 years, since our first store we opened in 1965.[\/vc_column_text][\/vc_column][vc_column width=&#8221;1\/2&#8243;][vc_single_image image=&#8221;2272&#8243; img_size=&#8221;large&#8221;][\/vc_column][\/vc_row][vc_row css=&#8221;.vc_custom_1460122436961{margin-bottom: 50px !important;}&#8221;][vc_column][vc_column_text]ANTEMA, which seeks real success in quality and works for unconditional customer satisfaction, organizes continuous training programs to improve the quality system. Thanks to these planned and systematic studies carried out with the participation of everyone, our customers&#8217; requests are met fully and on time.<\/p>\n<p>Adopting the principle of being a reliable and leader in Turkey and the international market, ANTEMA also increases its product quality with its signatures on giant projects with the quality certificates it has received from world-renowned organizations such as TSE in Turkey, SKZ (German Plastics Institute) abroad, DWGV (German Water and Gas Institute). has proven its outstanding success and leadership in every field.<\/p>\n<p>ANTEMA, which is constantly working and researching to closely follow the developing technology, always aims one step ahead. ANTEMA is a follower of innovations with its thinking, researching and implementing staff.[\/vc_column_text][\/vc_column][\/vc_row][vc_row css=&#8221;.vc_custom_1460122436961{margin-bottom: 50px !important;}&#8221;][vc_column][vc_custom_heading text=&#8221;COMPANY HISTORY&#8221; use_theme_fonts=&#8221;yes&#8221; el_class=&#8221;title&#8221;][vc_empty_space height=&#8221;20px&#8221;]<div class=\"timeline\"><div class=\"timeline-item\"><div class=\"timeline-year\">1965<\/div><div class=\"timeline-content\"><h3 class=\"timeline-title\">We opened our first store<\/h3><div class=\"timeline-text\">Kamburo\u011flu Yap\u0131 Malzemeleri, started our commercial activities in our first store that we opened in 1965.<\/div><\/div><\/div><div class=\"timeline-item\"><div class=\"timeline-year\">1995<\/div><div class=\"timeline-content\"><h3 class=\"timeline-title\">New Store<\/h3><div class=\"timeline-text\">Lorem ipsum dolor sit amet, consectetur adipiscing elit. Pellentesque ut maximus orci. Curabitur feugiat scelerisque bibendum. Cras auctor scelerisque metus quis lobortis. Donec ut imperdiet diam. Vestibulum ante ipsum primis in faucibus orci luctus et ultrices posuere cubilia Curae; Mauris tincidunt justo nisi, a viverra enim mollis non.<\/div><\/div><\/div><div class=\"timeline-item\"><div class=\"timeline-year\">2010<\/div><div class=\"timeline-content\"><h3 class=\"timeline-title\">5 new National Brand Dealers<\/h3><div class=\"timeline-text\">Lorem ipsum dolor sit amet, consectetur adipiscing elit. Pellentesque ut maximus orci. Curabitur feugiat scelerisque bibendum. Cras auctor scelerisque metus quis lobortis. Donec ut imperdiet diam. Vestibulum ante ipsum primis in faucibus orci luctus et ultrices posuere cubilia Curae; Mauris tincidunt justo nisi, a viverra enim mollis non.<\/div><\/div><\/div><div class=\"timeline-item\"><div class=\"timeline-year\">2022<\/div><div class=\"timeline-content\"><h3 class=\"timeline-title\">ANTEMA Teknik \u00dcr\u00fcnleri San. ve Tic. A.\u015e.<\/h3><div class=\"timeline-text\">In order to operate in the field of domestic and international certified infrastructure pipe systems, Kamburo\u011flu Yap\u0131 Malzemeleri A.\u015e. was established within.<\/div><\/div><\/div><\/div>[\/vc_column][\/vc_row][vc_row css=&#8221;.vc_custom_1453212299071{margin-bottom: 20px !important;}&#8221;][vc_column][vc_custom_heading text=&#8221;OUR EXPERIENCED TEAM&#8221; use_theme_fonts=&#8221;yes&#8221; el_class=&#8221;title&#8221;][\/vc_column][\/vc_row][vc_row css=&#8221;.vc_custom_1453297105826{margin-bottom: 45px !important;}&#8221;][vc_column]<div class='team team-col-4'><div class='member'><div class='member-wrap'><div class='member-image'><img width=\"455\" height=\"355\" src=\"https:\/\/antemateknik.com.tr\/wp-content\/uploads\/2022\/01\/team-default-male-young-455x355.jpg\" class=\"attachment-anps-team size-anps-team wp-post-image\" alt=\"\" loading=\"lazy\" \/><\/div><h3 class='member-name'>Recep<\/h3><span class='member-title'>Unspecified<\/span><p class='member-desc'>Lorem ipsum dolor sit amet, consectetur.<\/p><\/div><\/div><div class='member'><div class='member-wrap'><div class='member-image'><img width=\"455\" height=\"355\" src=\"https:\/\/antemateknik.com.tr\/wp-content\/uploads\/2016\/01\/team-default-male-455x355.png\" class=\"attachment-anps-team size-anps-team wp-post-image\" alt=\"\" loading=\"lazy\" \/><\/div><h3 class='member-name'>Necdet<\/h3><span class='member-title'>Unspecified<\/span><p class='member-desc'>Lorem ipsum dolor sit amet, consectetur.<\/p><\/div><\/div><div class='member'><div class='member-wrap'><div class='member-image'><img width=\"455\" height=\"355\" src=\"https:\/\/antemateknik.com.tr\/wp-content\/uploads\/2016\/01\/team-default-male2-455x355.jpg\" class=\"attachment-anps-team size-anps-team wp-post-image\" alt=\"\" loading=\"lazy\" \/><\/div><h3 class='member-name'>Yasin<\/h3><span class='member-title'>Unspecified<\/span><p class='member-desc'>Sed convallis lacinia enim vel blandit.<\/p><\/div><\/div><div class='member'><div class='member-wrap'><div class='member-image'><img width=\"455\" height=\"355\" src=\"https:\/\/antemateknik.com.tr\/wp-content\/uploads\/2016\/01\/team-umit-atik-455x355.jpg\" class=\"attachment-anps-team size-anps-team wp-post-image\" alt=\"\" loading=\"lazy\" \/><\/div><h3 class='member-name'>\u00dcmit Atik<\/h3><span class='member-title'>Sales and Marketing<\/span><p class='member-desc'>Sales and Marketing, Lorem ipsum dolor sit amet.<\/p><\/div><\/div><\/div>[\/vc_column][\/vc_row][vc_row css=&#8221;.vc_custom_1643540258345{margin-top: 20px !important;}&#8221;][vc_column][vc_separator]<div class='logos-wrapper style-2'><ul class='clients style-2' ><li class='client'><span><img src='https:\/\/antemateknik.com.tr\/wp-content\/uploads\/2022\/01\/2.png' alt=''><\/span><\/li><li class='client'><span><img src='https:\/\/antemateknik.com.tr\/wp-content\/uploads\/2022\/01\/3.png' alt=''><\/span><\/li><li class='client'><span><img src='https:\/\/antemateknik.com.tr\/wp-content\/uploads\/2022\/01\/4.png' alt=''><\/span><\/li><li class='client'><span><img src='https:\/\/antemateknik.com.tr\/wp-content\/uploads\/2022\/01\/5.png' alt=''><\/span><\/li><li class='client'><span><img src='https:\/\/antemateknik.com.tr\/wp-content\/uploads\/2022\/01\/6.png' alt=''><\/span><\/li><li class='client'><span><img src='https:\/\/antemateknik.com.tr\/wp-content\/uploads\/2022\/01\/7.png' alt=''><\/span><\/li><li class='client'><span><img src='https:\/\/antemateknik.com.tr\/wp-content\/uploads\/2022\/01\/8.png' alt=''><\/span><\/li><li class='client'><span><img src='https:\/\/antemateknik.com.tr\/wp-content\/uploads\/2022\/01\/9.png' alt=''><\/span><\/li><li class='client'><span><img src='https:\/\/antemateknik.com.tr\/wp-content\/uploads\/2022\/01\/10.png' alt=''><\/span><\/li><\/ul><\/div>[\/vc_column][\/vc_row][vc_row full_width=&#8221;stretch_row&#8221; el_class=&#8221;no-bottom-padding-row lbi-download&#8221; css=&#8221;.vc_custom_1643443831549{background-color: #3498db !important;}&#8221;][vc_column css=&#8221;.vc_custom_1453297229659{padding-top: 0px !important;}&#8221;]<div class=\"download\"><div class='download-content text-uppercase' style='color: #ffffff'><i class='fa fas fa-file-pdf'><\/i> DOWNLOAD OUR GENERAL PRODUCT CATALOG<\/div><a target='_blank' href='#' class='btn btn-md btn-dark btn-shadow'><i class='fa fas fa-cloud-download-alt'><\/i> Download<\/a><\/div>[\/vc_column][\/vc_row]<\/p>","protected":false},"excerpt":{"rendered":"<p>[vc_row css=&#8221;.vc_custom_1460122496361{margin-bottom: 30px !important;}&#8221;][vc_column width=&#8221;1\/2&#8243;][vc_custom_heading text=&#8221;ANTEMA TEKN\u0130K&#8221; use_theme_fonts=&#8221;yes&#8221; el_class=&#8221;title&#8221;][vc_empty_space height=&#8221;20px&#8221;][vc_column_text]ANTEMA Teknik \u00dcr\u00fcnleri San. ve Tic. Inc. was established within Kamburo\u011flu Yap\u0131 Malzemeleri Inc. to operate in the field of national and international certified pipe systems. &nbsp; Pioneer of Innovations Kamburo\u011flu &hellip;<\/p>\n","protected":false},"author":1,"featured_media":0,"parent":0,"menu_order":0,"comment_status":"closed","ping_status":"closed","template":"","meta":[],"_links":{"self":[{"href":"https:\/\/antemateknik.com.tr\/en\/wp-json\/wp\/v2\/pages\/1408"}],"collection":[{"href":"https:\/\/antemateknik.com.tr\/en\/wp-json\/wp\/v2\/pages"}],"about":[{"href":"https:\/\/antemateknik.com.tr\/en\/wp-json\/wp\/v2\/types\/page"}],"author":[{"embeddable":true,"href":"https:\/\/antemateknik.com.tr\/en\/wp-json\/wp\/v2\/users\/1"}],"replies":[{"embeddable":true,"href":"https:\/\/antemateknik.com.tr\/en\/wp-json\/wp\/v2\/comments?post=1408"}],"version-history":[{"count":5,"href":"https:\/\/antemateknik.com.tr\/en\/wp-json\/wp\/v2\/pages\/1408\/revisions"}],"predecessor-version":[{"id":2610,"href":"https:\/\/antemateknik.com.tr\/en\/wp-json\/wp\/v2\/pages\/1408\/revisions\/2610"}],"wp:attachment":[{"href":"https:\/\/antemateknik.com.tr\/en\/wp-json\/wp\/v2\/media?parent=1408"}],"curies":[{"name":"wp","href":"https:\/\/api.w.org\/{rel}","templated":true}]}}