{"id":9,"date":"2022-01-25T18:24:44","date_gmt":"2022-01-25T15:24:44","guid":{"rendered":"https:\/\/antemateknik.com.tr\/cart\/"},"modified":"2022-01-31T14:22:48","modified_gmt":"2022-01-31T11:22:48","slug":"aydinlatma-metni","status":"publish","type":"page","link":"https:\/\/antemateknik.com.tr\/en\/gizlilik-politikasi\/aydinlatma-metni\/","title":{"rendered":"PDPL Clarification Text"},"content":{"rendered":"<p>[vc_row][vc_column][vc_custom_heading text=&#8221;PDPL (Personal Data Protection Law) Clarification Text&#8221; use_theme_fonts=&#8221;yes&#8221; el_class=&#8221;title&#8221;][vc_column_text]&#8221;Alt\u0131nova Sinan Mh. Altan Sk. No: 5\/1 07170 Kepez \/ ANTALYA&#8221; adresinde mukim ANTEMA Teknik \u00dcr\u00fcnleri San. ve Tic. A.\u015e. (&#8220;<strong>ANTEMA<\/strong>&#8220;) olarak payla\u015fm\u0131\u015f oldu\u011funuz ad\u0131n\u0131z, soyad\u0131n\u0131z, e-posta adresiniz ve IP adresiniz tipindeki ki\u015fisel verilerinizi ve gerekirse ANTEMA ile m\u00fc\u015fteri \u015fikayet formu arac\u0131l\u0131\u011f\u0131yla ileti\u015fim kuran ilgili ki\u015filer i\u00e7in m\u00fcteakip s\u00fcre\u00e7te whatsapp hatt\u0131m\u0131z ile kuraca\u011f\u0131n\u0131z ili\u015fkide yer almas\u0131 potansiyel ki\u015fisel verilerinizi,<\/p>\n<ul>\n<li>ANTEMA\u2019a ait https:\/\/www.antemateknik.com.tr alan adl\u0131 internet sitesinde yer alan ileti\u015fim e posta<br \/>\nadreslerinden birine mail atm\u0131\u015f olman\u0131z,<\/li>\n<li>ANTEMA\u2019\u0131n web sitesinde bulunan ileti\u015fim formlar\u0131 vas\u0131tas\u0131yla ANTEMA ile ileti\u015fime ge\u00e7meniz,<\/li>\n<li>G\u00f6nderdi\u011finiz e-postaya ANTEMA taraf\u0131ndan cevap verilebilmesi,<\/li>\n<li>Taleplerinizin kar\u015f\u0131lanabilmesi ama\u00e7lar\u0131yla s\u0131n\u0131rl\u0131 olarak i\u015flenmektedir.<\/li>\n<\/ul>\n<p>Ki\u015fisel verileriniz, yukar\u0131da bahsedilen ama\u00e7lar do\u011frultusunda 6698 say\u0131l\u0131 Ki\u015fisel Verileri Koruma Kanunu\u2019nun (&#8220;Kanun&#8221;) madde 5\/2-d bendinde belirtilen ilgili ki\u015finin kendisi taraf\u0131ndan ki\u015fisel verilerin alenile\u015ftirilmi\u015f olmas\u0131 hukuki sebebine dayal\u0131 olarak elektronik posta kanal\u0131yla otomatik yolla elde edilmektedir. Yukar\u0131da say\u0131lan ki\u015fisel verileriniz \u00fc\u00e7\u00fcnc\u00fc ki\u015filere aktar\u0131lmayacak olup sadece ANTEMA b\u00fcnyesindeki yetkili birimler taraf\u0131ndan i\u015flenecektir.<\/p>\n<p>Diledi\u011finiz zaman ANTEMA \u2018a ba\u015fvurarak ki\u015fisel verilerinizle ilgili;<\/p>\n<ul>\n<li>Ki\u015fisel verilerinizin i\u015flenip i\u015flenmedi\u011fini, i\u015flenmi\u015fse buna ili\u015fkin bilgileri,<\/li>\n<li>Ki\u015fisel verilerinizin i\u015flenme amac\u0131 ve bunlar\u0131n amac\u0131na uygun kullan\u0131l\u0131p kullan\u0131lmad\u0131\u011f\u0131<br \/>\nhakk\u0131nda bilgileri,<\/li>\n<li>Yurt i\u00e7inde veya yurt d\u0131\u015f\u0131nda ki\u015fisel verilerinizin aktar\u0131ld\u0131\u011f\u0131 \u00fc\u00e7\u00fcnc\u00fc ki\u015filer hakk\u0131nda<br \/>\nbilgileri,<\/li>\n<li>Ki\u015fisel verilerinizin eksik veya yanl\u0131\u015f i\u015flenmi\u015f olmas\u0131 h\u00e2linde bunlar\u0131n d\u00fczeltilmesini,<\/li>\n<li>\u0130\u015flenme \u015fartlar\u0131n\u0131n ortadan kalkmas\u0131 halinde silinmesini veya yok edilmesini ve<br \/>\naktar\u0131lm\u0131\u015fsa aktar\u0131lan \u00fc\u00e7\u00fcnc\u00fc ki\u015filere de bildirilmesini,<\/li>\n<li>Ki\u015fisel verilerinizin kanuna ayk\u0131r\u0131 olarak i\u015flenmesi sebebiyle zarara u\u011framas\u0131 h\u00e2linde<br \/>\nzarar\u0131n giderilmesini talep edebilirsiniz.<\/li>\n<\/ul>\n<p>Haklar\u0131n\u0131za ve Kanunun uygulanmas\u0131na ili\u015fkin taleplerinizi https:\/\/www.antemateknik.com.tr adresinden temin edebilece\u011finiz ba\u015fvuru formunu doldurarak \u0131slak imzal\u0131 \u015fekilde &#8220;Alt\u0131nova Sinan Mh. Altan Sk. No: 5\/1 07170 Kepez \/ ANTALYA&#8221; adresine noter kanal\u0131yla veya \u015fahsi ba\u015fvurunuzla iletebilirsiniz. ANTEMA, bu kapsamdaki taleplere yaz\u0131l\u0131 olarak cevap verilecekse, on sayfaya kadar \u00fccret almadan; on sayfan\u0131n \u00fczerindeki her sayfa i\u00e7in 1 T\u00fcrk Liras\u0131 i\u015flem \u00fccreti alarak yan\u0131tland\u0131racakt\u0131r. Ba\u015fvuruya cevab\u0131n CD, flash bellek gibi bir kay\u0131t ortam\u0131nda verilmesi halinde ANTEMA taraf\u0131ndan talep edilebilecek \u00fccret kay\u0131t ortam\u0131n\u0131n maliyetini ge\u00e7emeyecektir.<\/p>\n<p><strong>ANTEMA Teknik \u00dcr\u00fcnleri San. ve Tic. A.\u015e.<\/strong>[\/vc_column_text][\/vc_column][\/vc_row]<\/p>","protected":false},"excerpt":{"rendered":"<p>[vc_row][vc_column][vc_custom_heading text=&#8221;PDPL (Personal Data Protection Law) Clarification Text&#8221; use_theme_fonts=&#8221;yes&#8221; el_class=&#8221;title&#8221;][vc_column_text]&#8221;Alt\u0131nova Sinan Mh. Altan Sk. No: 5\/1 07170 Kepez \/ ANTALYA&#8221; adresinde mukim ANTEMA Teknik \u00dcr\u00fcnleri San. ve Tic. A.\u015e. (&#8220;ANTEMA&#8220;) olarak payla\u015fm\u0131\u015f oldu\u011funuz ad\u0131n\u0131z, soyad\u0131n\u0131z, e-posta adresiniz ve IP adresiniz &hellip;<\/p>\n","protected":false},"author":1,"featured_media":0,"parent":3,"menu_order":0,"comment_status":"closed","ping_status":"closed","template":"","meta":[],"_links":{"self":[{"href":"https:\/\/antemateknik.com.tr\/en\/wp-json\/wp\/v2\/pages\/9"}],"collection":[{"href":"https:\/\/antemateknik.com.tr\/en\/wp-json\/wp\/v2\/pages"}],"about":[{"href":"https:\/\/antemateknik.com.tr\/en\/wp-json\/wp\/v2\/types\/page"}],"author":[{"embeddable":true,"href":"https:\/\/antemateknik.com.tr\/en\/wp-json\/wp\/v2\/users\/1"}],"replies":[{"embeddable":true,"href":"https:\/\/antemateknik.com.tr\/en\/wp-json\/wp\/v2\/comments?post=9"}],"version-history":[{"count":5,"href":"https:\/\/antemateknik.com.tr\/en\/wp-json\/wp\/v2\/pages\/9\/revisions"}],"predecessor-version":[{"id":2267,"href":"https:\/\/antemateknik.com.tr\/en\/wp-json\/wp\/v2\/pages\/9\/revisions\/2267"}],"up":[{"embeddable":true,"href":"https:\/\/antemateknik.com.tr\/en\/wp-json\/wp\/v2\/pages\/3"}],"wp:attachment":[{"href":"https:\/\/antemateknik.com.tr\/en\/wp-json\/wp\/v2\/media?parent=9"}],"curies":[{"name":"wp","href":"https:\/\/api.w.org\/{rel}","templated":true}]}}